{"id":124,"date":"2013-08-30T18:05:00","date_gmt":"2013-08-30T16:05:00","guid":{"rendered":"http:\/\/turacsuka.hu\/?page_id=124"},"modified":"2025-12-30T21:15:05","modified_gmt":"2025-12-30T19:15:05","slug":"archivum","status":"publish","type":"page","link":"https:\/\/turacsuka.hu\/?page_id=124","title":{"rendered":"Archivum"},"content":{"rendered":"\n<p><a href=\"https:\/\/turacsuka.hu\/?page_id=126\" target=\"_blank\" rel=\"noopener\">2013.\u00e9vi archivum<\/a><\/p>\n<p><a href=\"https:\/\/turacsuka.hu\/?page_id=128\" target=\"_blank\" rel=\"noopener\">2014.\u00e9vi archivum<\/a><\/p>\n<p><a href=\"https:\/\/turacsuka.hu\/?page_id=1679\" target=\"_blank\" rel=\"noopener\">2015.\u00e9vi archivum<\/a><\/p>\n<p><a href=\"https:\/\/turacsuka.hu\/?page_id=1101\" target=\"_blank\" rel=\"noopener\">2016.\u00e9vi archivum<\/a><\/p>\n<p><a href=\"https:\/\/turacsuka.hu\/?page_id=1664\" target=\"_blank\" rel=\"noopener\">2017.\u00e9vi archivum<\/a><\/p>\n<p><a href=\"https:\/\/turacsuka.hu\/?page_id=2385\" target=\"_blank\" rel=\"noopener\">2018.\u00e9vi archivum<\/a><\/p>\n<p><a href=\"https:\/\/turacsuka.hu\/?page_id=2924\" target=\"_blank\" rel=\"noopener\">2019.\u00e9vi archivum<\/a><\/p>\n<p><a href=\"https:\/\/turacsuka.hu\/?page_id=3541\" target=\"_blank\" rel=\"noopener\">2020.\u00e9vi archivum<\/a><\/p>\n<p><a href=\"https:\/\/turacsuka.hu\/?page_id=5182\" target=\"_blank\" rel=\"noopener\">2021.\u00e9vi archivum<\/a><\/p>\n<p><a href=\"https:\/\/turacsuka.hu\/?page_id=5877\" target=\"_blank\" rel=\"noopener\">2022.\u00e9vi archivum<\/a><\/p>\n<p><a href=\"https:\/\/turacsuka.hu\/?page_id=7139\" target=\"_blank\" rel=\"noopener\">2023.\u00e9vi archivum<\/a><\/p>\n<p><a href=\"https:\/\/turacsuka.hu\/?page_id=8676\" target=\"_blank\" rel=\"noopener\">2024.\u00e9vi archivum<\/a><\/p>\n<p><a href=\"https:\/\/turacsuka.hu\/?page_id=10399\" target=\"_blank\" rel=\"noopener\">2025.\u00e9vi archivum<\/a><\/p>\n","protected":false},"excerpt":{"rendered":"<p>2013.\u00e9vi archivum 2014.\u00e9vi archivum 2015.\u00e9vi archivum 2016.\u00e9vi archivum 2017.\u00e9vi archivum 2018.\u00e9vi archivum 2019.\u00e9vi archivum 2020.\u00e9vi archivum 2021.\u00e9vi archivum 2022.\u00e9vi archivum [&hellip;]<\/p>\n","protected":false},"author":1,"featured_media":0,"parent":0,"menu_order":0,"comment_status":"closed","ping_status":"closed","template":"","meta":{"site-sidebar-layout":"default","site-content-layout":"","ast-site-content-layout":"default","site-content-style":"default","site-sidebar-style":"default","ast-global-header-display":"","ast-banner-title-visibility":"","ast-main-header-display":"","ast-hfb-above-header-display":"","ast-hfb-below-header-display":"","ast-hfb-mobile-header-display":"","site-post-title":"","ast-breadcrumbs-content":"","ast-featured-img":"","footer-sml-layout":"","ast-disable-related-posts":"","theme-transparent-header-meta":"","adv-header-id-meta":"","stick-header-meta":"","header-above-stick-meta":"","header-main-stick-meta":"","header-below-stick-meta":"","astra-migrate-meta-layouts":"default","ast-page-background-enabled":"default","ast-page-background-meta":{"desktop":{"background-color":"var(--ast-global-color-5)","background-image":"","background-repeat":"repeat","background-position":"center center","background-size":"auto","background-attachment":"scroll","background-type":"","background-media":"","overlay-type":"","overlay-color":"","overlay-opacity":"","overlay-gradient":""},"tablet":{"background-color":"","background-image":"","background-repeat":"repeat","background-position":"center center","background-size":"auto","background-attachment":"scroll","background-type":"","background-media":"","overlay-type":"","overlay-color":"","overlay-opacity":"","overlay-gradient":""},"mobile":{"background-color":"","background-image":"","background-repeat":"repeat","background-position":"center center","background-size":"auto","background-attachment":"scroll","background-type":"","background-media":"","overlay-type":"","overlay-color":"","overlay-opacity":"","overlay-gradient":""}},"ast-content-background-meta":{"desktop":{"background-color":"var(--ast-global-color-4)","background-image":"","background-repeat":"repeat","background-position":"center center","background-size":"auto","background-attachment":"scroll","background-type":"","background-media":"","overlay-type":"","overlay-color":"","overlay-opacity":"","overlay-gradient":""},"tablet":{"background-color":"var(--ast-global-color-4)","background-image":"","background-repeat":"repeat","background-position":"center center","background-size":"auto","background-attachment":"scroll","background-type":"","background-media":"","overlay-type":"","overlay-color":"","overlay-opacity":"","overlay-gradient":""},"mobile":{"background-color":"var(--ast-global-color-4)","background-image":"","background-repeat":"repeat","background-position":"center center","background-size":"auto","background-attachment":"scroll","background-type":"","background-media":"","overlay-type":"","overlay-color":"","overlay-opacity":"","overlay-gradient":""}},"footnotes":""},"class_list":["post-124","page","type-page","status-publish","hentry"],"_links":{"self":[{"href":"https:\/\/turacsuka.hu\/index.php?rest_route=\/wp\/v2\/pages\/124","targetHints":{"allow":["GET"]}}],"collection":[{"href":"https:\/\/turacsuka.hu\/index.php?rest_route=\/wp\/v2\/pages"}],"about":[{"href":"https:\/\/turacsuka.hu\/index.php?rest_route=\/wp\/v2\/types\/page"}],"author":[{"embeddable":true,"href":"https:\/\/turacsuka.hu\/index.php?rest_route=\/wp\/v2\/users\/1"}],"replies":[{"embeddable":true,"href":"https:\/\/turacsuka.hu\/index.php?rest_route=%2Fwp%2Fv2%2Fcomments&post=124"}],"version-history":[{"count":15,"href":"https:\/\/turacsuka.hu\/index.php?rest_route=\/wp\/v2\/pages\/124\/revisions"}],"predecessor-version":[{"id":14007,"href":"https:\/\/turacsuka.hu\/index.php?rest_route=\/wp\/v2\/pages\/124\/revisions\/14007"}],"wp:attachment":[{"href":"https:\/\/turacsuka.hu\/index.php?rest_route=%2Fwp%2Fv2%2Fmedia&parent=124"}],"curies":[{"name":"wp","href":"https:\/\/api.w.org\/{rel}","templated":true}]}}