{"id":126,"date":"2013-08-30T18:05:27","date_gmt":"2013-08-30T16:05:27","guid":{"rendered":"http:\/\/turacsuka.hu\/?page_id=126"},"modified":"2024-12-27T13:01:35","modified_gmt":"2024-12-27T11:01:35","slug":"2013-2","status":"publish","type":"page","link":"https:\/\/turacsuka.hu\/?page_id=126","title":{"rendered":"2013. \u00e9vi archivum"},"content":{"rendered":"<table style=\"width: 783px;\" border=\"0\" cellspacing=\"0\" cellpadding=\"0\">\n<colgroup>\n<col width=\"155\" \/>\n<col width=\"402\" \/>\n<col span=\"2\" width=\"81\" \/>\n<col width=\"64\" \/><\/colgroup>\n<tbody>\n<tr>\n<td style=\"line-height: normal;\" width=\"155\" height=\"20\">T\u00fara id\u0151pontja<\/td>\n<td width=\"402\">Helysz\u00edne<\/td>\n<td width=\"81\">Inform\u00e1ci\u00f3k<\/td>\n<td width=\"81\">Besz\u00e1mol\u00f3k<\/td>\n<td width=\"64\">K\u00e9pek<\/td>\n<\/tr>\n<tr>\n<td width=\"155\" height=\"20\">2013. aug. 10-17<\/td>\n<td width=\"402\">Mosoni Duna kenut\u00fara<\/td>\n<td width=\"81\"><\/td>\n<td width=\"81\"><a title=\"Mosoni Duna t\u00farabesz\u00e1mol\u00f3 (vers form\u00e1ban)\" href=\"http:\/\/turacsuka.hu\/wp-content\/uploads\/2013\/08\/Mosoni-Duna.pdf\" target=\"_blank\" rel=\"noopener\">Bence verse<\/a><\/td>\n<td width=\"64\"><a title=\"Mosoni Duna kenut\u00fara (Ilka fot\u00f3i).\" href=\"https:\/\/plus.google.com\/photos\/110491014582160983235\/albums\/5913125064618497905\" target=\"_blank\" rel=\"noopener\"> Ilka<\/a> <a title=\"Lala k\u00e9pei.\" href=\"https:\/\/plus.google.com\/photos\/110491014582160983235\/albums\/5929063933535055185\" target=\"_blank\" rel=\"noopener\">Lala<\/a><\/td>\n<\/tr>\n<tr>\n<td height=\"20\">2013. aug. 25.<\/td>\n<td>Balatonker\u00fcl\u00e9s gyalogosan Tapolca-Vonyarc<\/td>\n<td><a title=\"Balatonker\u00fcl\u00e9s gyalog.\" href=\"http:\/\/turacsuka.hu\/wp-content\/uploads\/2013\/08\/reszletek1.pdf\" target=\"_blank\" rel=\"noopener\">r\u00e9szletek<\/a><\/td>\n<td><\/td>\n<td><a href=\"https:\/\/plus.google.com\/photos\/110491014582160983235\/albums\/5916175001856582033\" target=\"_blank\" rel=\"noopener\"> Ilka<\/a><\/td>\n<\/tr>\n<tr>\n<td height=\"20\">2013. szept. 1.<\/td>\n<td>Campona Kupa t\u00e1j\u00e9koz\u00f3d\u00e1si verseny (Budapest)<\/td>\n<td><a title=\"T\u00e1j\u00e9koz\u00f3d\u00e1si verseny\" href=\"http:\/\/turacsuka.hu\/wp-content\/uploads\/2013\/08\/Campona-Kupa.pdf\" target=\"_blank\" rel=\"noopener\"> r\u00e9szletek<\/a><\/td>\n<td><\/td>\n<td><\/td>\n<\/tr>\n<tr>\n<td height=\"20\">2013. szept. 7.<\/td>\n<td>Zirc-L\u00f3k\u00fat-H\u00e1rsk\u00fat-M\u00e1rk\u00f3-Veszpr\u00e9m (bringat\u00fara)<\/td>\n<td><a title=\"Zirc - Veszpr\u00e9m bringat\u00fara\" href=\"http:\/\/turacsuka.hu\/wp-content\/uploads\/2013\/08\/reszletek5.pdf\" target=\"_blank\" rel=\"noopener\">r\u00e9szletek<\/a><\/td>\n<td><a title=\"szeptember 07-i bringat\u00fara (Magdi k\u00e9pei) \" href=\"https:\/\/plus.google.com\/photos\/110491014582160983235\/albums\/5920921305354294673#photos\/110491014582160983235\/albums\/5920921305354294673\" target=\"_blank\" rel=\"noopener\">Magdi<\/a><\/td>\n<td><a title=\"Bringat\u00fara (Ilka fot\u00f3i)\" href=\"https:\/\/plus.google.com\/photos\/110491014582160983235\/albums\/5920903869146537441\" target=\"_blank\" rel=\"noopener\">Ilka<\/a><\/td>\n<\/tr>\n<tr>\n<td height=\"20\">2013. szept. 8.<\/td>\n<td>Esztergomi buszos kir\u00e1ndul\u00e1s<\/td>\n<td><a title=\"IVV t\u00fara + P\u00e1rk\u00e1ny v\u00e1rosn\u00e9z\u00e9s\" href=\"http:\/\/www.teljesitmenyturazoktarsasaga.hu\/tura?id=4804\" target=\"_blank\" rel=\"noopener\">r\u00e9szletek<\/a><\/td>\n<td><a title=\"Magdi k\u00e9pei.\" href=\"https:\/\/plus.google.com\/photos\/110491014582160983235\/albums\/5921348638237642721#photos\/110491014582160983235\/albums\/5921348638237642721\" target=\"_blank\" rel=\"noopener\">Magdi<\/a><\/td>\n<td><a title=\"Ilka k\u00e9pei.\" href=\"https:\/\/plus.google.com\/photos\/110491014582160983235\/albums\/5921329045967435489#photos\/110491014582160983235\/albums\/5921329045967435489\" target=\"_blank\" rel=\"noopener\">Ilka<\/a><\/td>\n<\/tr>\n<tr>\n<td height=\"20\">2013. szept. 14-15<\/td>\n<td>Balatonker\u00fcl\u00e9s gyalogosan Vonyarc-Keszthely-Szentgy\u00f6rgy<\/td>\n<td><a title=\"K\u00e9tnapos Balatonker\u00fcl\u0151 t\u00fara.\" href=\"http:\/\/turacsuka.hu\/wp-content\/uploads\/2013\/08\/reszletek3.pdf\" target=\"_blank\" rel=\"noopener\">r\u00e9szletek<\/a><\/td>\n<td><a title=\"Sokat esett az es\u0151.\" href=\"http:\/\/turacsuka.hu\/wp-content\/uploads\/2013\/09\/turabeszamolo-2013-szept-14-15.pdf\" target=\"_blank\" rel=\"noopener\">besz\u00e1mol\u00f3<\/a><\/td>\n<td><a href=\"https:\/\/plus.google.com\/photos\/110491014582160983235\/albums\/5923925275510767409\" target=\"_blank\" rel=\"noopener\">Ilka<\/a><\/td>\n<\/tr>\n<tr>\n<td height=\"20\">2013. szept. 21-28<\/td>\n<td>OKT. Szarvask\u0151-B\u00f3dvaszilas<\/td>\n<td><a title=\"Orsz\u00e1gos K\u00e9k T\u00fara Szarvask\u0151 - B\u00f3dvaszilas k\u00f6z\u00f6tti szakasza.\" href=\"http:\/\/turacsuka.hu\/wp-content\/uploads\/2013\/08\/reszletek7.pdf\" target=\"_blank\" rel=\"noopener\">r\u00e9szletek<\/a><\/td>\n<td><a title=\"Sz\u00e1ll\u00e1saink r\u00e9szletez\u00e9se.\" href=\"http:\/\/turacsuka.hu\/wp-content\/uploads\/2013\/08\/szallasok.xlsx\" target=\"_blank\" rel=\"noopener\">sz\u00e1ll\u00e1sok<\/a><\/td>\n<td><a title=\"OKT 8. t\u00fara (Szarvask\u0151 - B\u00f3dvaszilas). Ilka k\u00e9pei.\" href=\"https:\/\/plus.google.com\/photos\/110491014582160983235\/albums\/5929028059068953137\" target=\"_blank\" rel=\"noopener\">Ilka<\/a><a title=\"\u00c1gi m\u0171v\u00e9szi fot\u00f3i.\" href=\"https:\/\/plus.google.com\/photos\/109860729788662134031\/albums\/5946780172930993281?authkey=CJnal77coY3RnAE&amp;banner=pwa&amp;gpsrc=pwrd1#photos\/109860729788662134031\/albums\/5946780172930993281?authkey=CJnal77coY3RnAE&amp;banner=pwa&amp;gpsrc=pwrd1\" target=\"_blank\" rel=\"noopener\">\u00c1gi<\/a><\/td>\n<\/tr>\n<tr>\n<td height=\"20\">2013. okt. 5.<\/td>\n<td>\u00c9cs-Ny\u00fal bort\u00fara (z\u00e1rtk\u00f6r\u0171)<\/td>\n<td><a title=\"Ny\u00fali bort\u00fara.\" href=\"http:\/\/turacsuka.hu\/wp-content\/uploads\/2013\/08\/reszletek-nyul.pdf\" target=\"_blank\" rel=\"noopener\">r\u00e9szletek<\/a><\/td>\n<td><\/td>\n<td><\/td>\n<\/tr>\n<tr>\n<td height=\"20\">2013. okt. 11-13<\/td>\n<td>Bihar hegys\u00e9gi kir\u00e1ndul\u00e1s<\/td>\n<td><a title=\"Bihari hegys\u00e9g - P\u00e1dis fenns\u00edk.\" href=\"http:\/\/turacsuka.hu\/wp-content\/uploads\/2013\/08\/Bihar.pdf\" target=\"_blank\" rel=\"noopener\">r\u00e9szletek<\/a><\/td>\n<td><\/td>\n<td><a title=\"P\u00e1dis (Ilka k\u00e9pei)\" href=\"https:\/\/plus.google.com\/photos\/110491014582160983235\/albums\/5934716014656090721\" target=\"_blank\" rel=\"noopener\">Ilka<\/a><a title=\"Viktor k\u00e9pei.\" href=\"https:\/\/plus.google.com\/photos\/109860729788662134031\/albums\/5936913119493697585?authkey=CLGE18jrtt-6rAE\" target=\"_blank\" rel=\"noopener\">Viktor<\/a><\/td>\n<\/tr>\n<tr>\n<td height=\"20\">2013. okt. 19.<\/td>\n<td style=\"border-width: thin;\">Normafa k\u00f6rny\u00e9ki t\u00e1j\u00e9koz\u00f3d\u00e1si kir\u00e1ndul\u00e1s<\/td>\n<td><a title=\"Normafa\" href=\"http:\/\/turacsuka.hu\/wp-content\/uploads\/2013\/08\/reszletek-normafa.pdf\" target=\"_blank\" rel=\"noopener\">r\u00e9szletek<\/a><\/td>\n<td><\/td>\n<td><a title=\"T\u00e1j\u00e9koz\u00f3dtunk.\" href=\"https:\/\/plus.google.com\/photos\/110491014582160983235\/albums\/5936897794458858689\" target=\"_blank\" rel=\"noopener\">Ilka<\/a><\/td>\n<\/tr>\n<tr>\n<td height=\"20\">2013. okt. 23.<\/td>\n<td>L\u00f3k\u00fat &#8211; Papod &#8211; H\u00e1rsk\u00fat<\/td>\n<td><a title=\"Papod kil\u00e1t\u00f3.\" href=\"http:\/\/turacsuka.hu\/wp-content\/uploads\/2013\/08\/reszletek-papod.pdf\" target=\"_blank\" rel=\"noopener\">r\u00e9szletek<\/a><\/td>\n<td><a title=\"Papodi kil\u00e1t\u00f3 megtekint\u00e9se.\" href=\"http:\/\/turacsuka.hu\/wp-content\/uploads\/2013\/08\/turabeszamolo-papod.pdf\" target=\"_blank\" rel=\"noopener\">besz\u00e1mol\u00f3<\/a><\/td>\n<td><a title=\"T\u00fal sokan voltak a kil\u00e1t\u00f3n\u00e1l \u00e9s az erd\u0151ben.\" href=\"https:\/\/plus.google.com\/photos\/110491014582160983235\/albums\/5937933681059996945#photos\/110491014582160983235\/albums\/5937933681059996945\" target=\"_blank\" rel=\"noopener\">Ilka<\/a><\/td>\n<\/tr>\n<tr>\n<td height=\"20\">2013. okt. 26-27.<\/td>\n<td>Balatonker\u00fcl\u00e9s gyalogosan Balatonszentgy\u00f6rgy-K\u00e9thely-Balatonfenyves<\/td>\n<td><a title=\"Balatonker\u00fcl\u00e9s (Szentgy\u00f6rgy - K\u00e9thely - Fenyves).\" href=\"http:\/\/turacsuka.hu\/wp-content\/uploads\/2013\/08\/reszletek-kethely.pdf\" target=\"_blank\" rel=\"noopener\">r\u00e9szletek<\/a><\/td>\n<td><a title=\"Balatonker\u00fcl\u00e9s (Szentgy\u00f6rgy - K\u00e9thely - Fenyves).\" href=\"http:\/\/turacsuka.hu\/wp-content\/uploads\/2013\/08\/turabeszamolo-kethely.pdf\" target=\"_blank\" rel=\"noopener\">besz\u00e1mol\u00f3<\/a><\/td>\n<td><a title=\"Balatonker\u00fcl\u00e9s (Szentgy\u00f6rgy - K\u00e9thely - Fenyves).\" href=\"https:\/\/plus.google.com\/photos\/110491014582160983235\/albums\/5939515060374616225#photos\/110491014582160983235\/albums\/5939515060374616225\" target=\"_blank\" rel=\"noopener\">Ilka<\/a><\/td>\n<\/tr>\n<tr>\n<td height=\"20\">2013. november 03.<\/td>\n<td>V\u00e1rpalota &#8211; Inota &#8211; Baglyas &#8211; Cs\u00f3r<\/td>\n<td><\/td>\n<td><a title=\"Hull\u00e1mvas\u00fataztunk.\" href=\"http:\/\/turacsuka.hu\/wp-content\/uploads\/2013\/08\/turabeszamolo-varpalota.pdf\" target=\"_blank\" rel=\"noopener\">besz\u00e1mol\u00f3<\/a><\/td>\n<td><a title=\"Hull\u00e1mvas\u00fataztunk.\" href=\"https:\/\/plus.google.com\/photos\/110491014582160983235\/albums\/5942087810739816625#photos\/110491014582160983235\/albums\/5942087810739816625\" target=\"_blank\" rel=\"noopener\">Ilka<\/a><\/td>\n<\/tr>\n<tr>\n<td height=\"20\">2013. nov. 09.<\/td>\n<td>Hegyesd k\u00f6rny\u00e9ke<\/td>\n<td><a title=\"Hegyesd k\u00f6rny\u00e9ki barangol\u00e1s.\" href=\"http:\/\/turacsuka.hu\/wp-content\/uploads\/2013\/08\/reszletek8.pdf\" target=\"_blank\" rel=\"noopener\">r\u00e9szletek<\/a><\/td>\n<td><a title=\"Esett az es\u0151.\" href=\"http:\/\/turacsuka.hu\/wp-content\/uploads\/2013\/08\/nyomvonal+metszet.pdf\" target=\"_blank\" rel=\"noopener\">besz\u00e1mol\u00f3<\/a><\/td>\n<td><a title=\"Esett az es\u0151.\" href=\"https:\/\/plus.google.com\/photos\/110491014582160983235\/albums\/5944288605319097377#photos\/110491014582160983235\/albums\/5944288605319097377\" target=\"_blank\" rel=\"noopener\">Ilka<\/a><\/td>\n<\/tr>\n<tr>\n<td height=\"20\">2013. nov. 16.<\/td>\n<td>Tihanyi geol\u00e1d\u00e1z\u00f3s sz\u00fclinapi t\u00fara<\/td>\n<td><a title=\"L\u00e1d\u00e1zgatunk.\" href=\"http:\/\/turacsuka.hu\/wp-content\/uploads\/2013\/08\/reszletek-szulinap.pdf\" target=\"_blank\" rel=\"noopener\">r\u00e9szletek<\/a><\/td>\n<td><a title=\"L\u00e1d\u00e1ztunk.\" href=\"http:\/\/turacsuka.hu\/wp-content\/uploads\/2013\/08\/turabeszamolo-szulinap.pdf\" target=\"_blank\" rel=\"noopener\">besz\u00e1mol\u00f3<\/a><\/td>\n<td><a title=\"Sz\u00fclinapi kir\u00e1ndul\u00e1s Tihanyban. (Ilka k\u00e9pei).\" href=\"https:\/\/plus.google.com\/photos\/110491014582160983235\/albums\/5947121893198968401#photos\/110491014582160983235\/albums\/5947121893198968401\" target=\"_blank\" rel=\"noopener\">Ilka<\/a>Peti<\/td>\n<\/tr>\n<tr>\n<td height=\"20\">2013. dec. 14.<\/td>\n<td>Hegyesd &#8211; Zalahal\u00e1pi k\u00f6rny\u00e9ki barangol\u00e1s<\/td>\n<td><a title=\"Hal\u00e1p.\" href=\"http:\/\/turacsuka.hu\/wp-content\/uploads\/2013\/08\/reszletek-halap.pdf\" target=\"_blank\" rel=\"noopener\">r\u00e9szletek<\/a><\/td>\n<td><a title=\"T\u00farabesz\u00e1mol\u00f3.\" href=\"http:\/\/turacsuka.hu\/wp-content\/uploads\/2013\/08\/turbeszamolo-halap.pdf\" target=\"_blank\" rel=\"noopener\">besz\u00e1mol\u00f3<\/a><\/td>\n<td><a title=\"Hegyesd - Zalahal\u00e1p.\" href=\"https:\/\/plus.google.com\/photos\/110491014582160983235\/albums\/5957303302363975921#photos\/110491014582160983235\/albums\/5957303302363975921\" target=\"_blank\" rel=\"noopener\">Zoli<\/a><\/td>\n<\/tr>\n<tr>\n<td height=\"20\">2013. dec. 25.<\/td>\n<td>Epl\u00e9ny &#8211; \u00c1mos-hegy &#8211; S\u00edar\u00e9na &#8211; Eperjes-tan\u00f6sv\u00e9ny &#8211; Olaszfalu<\/td>\n<td><a title=\"Epl\u00e9ny.\" href=\"http:\/\/turacsuka.hu\/wp-content\/uploads\/2013\/08\/nyomvonal+metszet1.pdf\" target=\"_blank\" rel=\"noopener\">r\u00e9szletek<\/a><\/td>\n<td><\/td>\n<td><a title=\"Epl\u00e9ny.\" href=\"https:\/\/plus.google.com\/photos\/110491014582160983235\/albums\/5961413555824332753#photos\/110491014582160983235\/albums\/5961413555824332753\" target=\"_blank\" rel=\"noopener\">Ilka<\/a><\/td>\n<\/tr>\n<tr>\n<td height=\"20\">\u00a02013. dec. 28.<\/td>\n<td>Veszpr\u00e9mfajsz &#8211; K\u00e1lv\u00e1ria &#8211; Koloska-v\u00f6lgy &#8211; Vadaspark &#8211; Tam\u00e1s-hegy &#8211; Arany Ember tan\u00f6sv\u00e9ny &#8211; Balatonf\u00fcred buszp\u00e1lyaudvar<\/td>\n<td><\/td>\n<td><a title=\"Vadaspark t\u00fara.\" href=\"http:\/\/turacsuka.hu\/wp-content\/uploads\/2013\/08\/nyomvonal+metszet2.pdf\" target=\"_blank\" rel=\"noopener\">besz\u00e1mol\u00f3<\/a><\/td>\n<td><a title=\"Vadasparkbnk.an j\u00e1rtu\" href=\"https:\/\/plus.google.com\/photos\/110491014582160983235\/albums\/5962464294961927841#photos\/110491014582160983235\/albums\/5962464294961927841\" target=\"_blank\" rel=\"noopener\">Ilka<\/a><\/td>\n<\/tr>\n<\/tbody>\n<\/table>\n","protected":false},"excerpt":{"rendered":"<p>T\u00fara id\u0151pontja Helysz\u00edne Inform\u00e1ci\u00f3k Besz\u00e1mol\u00f3k K\u00e9pek 2013. aug. 10-17 Mosoni Duna kenut\u00fara Bence verse Ilka Lala 2013. aug. 25. Balatonker\u00fcl\u00e9s [&hellip;]<\/p>\n","protected":false},"author":1,"featured_media":0,"parent":0,"menu_order":0,"comment_status":"closed","ping_status":"closed","template":"","meta":{"site-sidebar-layout":"default","site-content-layout":"","ast-site-content-layout":"default","site-content-style":"default","site-sidebar-style":"default","ast-global-header-display":"","ast-banner-title-visibility":"","ast-main-header-display":"","ast-hfb-above-header-display":"","ast-hfb-below-header-display":"","ast-hfb-mobile-header-display":"","site-post-title":"","ast-breadcrumbs-content":"","ast-featured-img":"","footer-sml-layout":"","ast-disable-related-posts":"","theme-transparent-header-meta":"","adv-header-id-meta":"","stick-header-meta":"","header-above-stick-meta":"","header-main-stick-meta":"","header-below-stick-meta":"","astra-migrate-meta-layouts":"default","ast-page-background-enabled":"default","ast-page-background-meta":{"desktop":{"background-color":"var(--ast-global-color-5)","background-image":"","background-repeat":"repeat","background-position":"center center","background-size":"auto","background-attachment":"scroll","background-type":"","background-media":"","overlay-type":"","overlay-color":"","overlay-opacity":"","overlay-gradient":""},"tablet":{"background-color":"","background-image":"","background-repeat":"repeat","background-position":"center center","background-size":"auto","background-attachment":"scroll","background-type":"","background-media":"","overlay-type":"","overlay-color":"","overlay-opacity":"","overlay-gradient":""},"mobile":{"background-color":"","background-image":"","background-repeat":"repeat","background-position":"center center","background-size":"auto","background-attachment":"scroll","background-type":"","background-media":"","overlay-type":"","overlay-color":"","overlay-opacity":"","overlay-gradient":""}},"ast-content-background-meta":{"desktop":{"background-color":"var(--ast-global-color-4)","background-image":"","background-repeat":"repeat","background-position":"center center","background-size":"auto","background-attachment":"scroll","background-type":"","background-media":"","overlay-type":"","overlay-color":"","overlay-opacity":"","overlay-gradient":""},"tablet":{"background-color":"var(--ast-global-color-4)","background-image":"","background-repeat":"repeat","background-position":"center center","background-size":"auto","background-attachment":"scroll","background-type":"","background-media":"","overlay-type":"","overlay-color":"","overlay-opacity":"","overlay-gradient":""},"mobile":{"background-color":"var(--ast-global-color-4)","background-image":"","background-repeat":"repeat","background-position":"center center","background-size":"auto","background-attachment":"scroll","background-type":"","background-media":"","overlay-type":"","overlay-color":"","overlay-opacity":"","overlay-gradient":""}},"footnotes":""},"class_list":["post-126","page","type-page","status-publish","hentry"],"_links":{"self":[{"href":"https:\/\/turacsuka.hu\/index.php?rest_route=\/wp\/v2\/pages\/126","targetHints":{"allow":["GET"]}}],"collection":[{"href":"https:\/\/turacsuka.hu\/index.php?rest_route=\/wp\/v2\/pages"}],"about":[{"href":"https:\/\/turacsuka.hu\/index.php?rest_route=\/wp\/v2\/types\/page"}],"author":[{"embeddable":true,"href":"https:\/\/turacsuka.hu\/index.php?rest_route=\/wp\/v2\/users\/1"}],"replies":[{"embeddable":true,"href":"https:\/\/turacsuka.hu\/index.php?rest_route=%2Fwp%2Fv2%2Fcomments&post=126"}],"version-history":[{"count":12,"href":"https:\/\/turacsuka.hu\/index.php?rest_route=\/wp\/v2\/pages\/126\/revisions"}],"predecessor-version":[{"id":12042,"href":"https:\/\/turacsuka.hu\/index.php?rest_route=\/wp\/v2\/pages\/126\/revisions\/12042"}],"wp:attachment":[{"href":"https:\/\/turacsuka.hu\/index.php?rest_route=%2Fwp%2Fv2%2Fmedia&parent=126"}],"curies":[{"name":"wp","href":"https:\/\/api.w.org\/{rel}","templated":true}]}}