{"id":2568,"date":"2017-03-24T18:48:08","date_gmt":"2017-03-24T16:48:08","guid":{"rendered":"http:\/\/turacsuka.hu\/?page_id=2568"},"modified":"2017-03-24T18:48:08","modified_gmt":"2017-03-24T16:48:08","slug":"bence-diploma-hangversenye","status":"publish","type":"page","link":"https:\/\/turacsuka.hu\/?page_id=2568","title":{"rendered":"Bence diploma hangversenye"},"content":{"rendered":"<blockquote>\n<div>\n<blockquote>\n<div id=\"divMessageBody\" class=\"bg\">\n<div dir=\"ltr\">\n<div>Ezek a m\u0171vek mennek a terv szerint a diplom\u00e1mra<\/div>\n<div>\n<div>Vivaldi: All&#8217;ombra di sospetto &#8211; kant\u00e1ta<\/div>\n<div><a href=\"https:\/\/www.youtube.com\/watch?v=Yl1eUJGmz4o\" target=\"_blank\">https:\/\/www.youtube.com\/watch?<wbr \/>v=Yl1eUJGmz4o<\/a><\/div>\n<div>Cimarosa: F-d\u00far szextett<\/div>\n<div><a href=\"https:\/\/www.youtube.com\/watch?v=bpQMF7I4GBo\" target=\"_blank\">https:\/\/www.youtube.com\/watch?<wbr \/>v=bpQMF7I4GBo<\/a><\/div>\n<div>Rossini: Esz-d\u00far klarin\u00e9tfant\u00e1zia<\/div>\n<div><a href=\"https:\/\/www.youtube.com\/watch?v=UmKX8U3EcSM\" target=\"_blank\">https:\/\/www.youtube.com\/watch?<wbr \/>v=UmKX8U3EcSM<\/a><\/div>\n<div>Donizetti: Esz-d\u00far zongor\u00e1s tri\u00f3<\/div>\n<div><a href=\"https:\/\/www.youtube.com\/watch?v=jtEYb8haV60\" target=\"_blank\">https:\/\/www.youtube.com\/watch?<wbr \/>v=jtEYb8haV60<\/a><\/div>\n<div>Verdi: Traviata &#8211; Violetta nagy \u00e1ri\u00e1ja<\/div>\n<div><a href=\"https:\/\/www.youtube.com\/watch?v=YRaGddWwTzc\" target=\"_blank\">https:\/\/www.youtube.com\/watch?v=YRaGddWwT<wbr \/>zc<\/a><\/div>\n<div>z\u00e1r\u00e1snak pedig \u00a0Reynaldo Hahn: Venezia &#8211; La Barcheta<\/div>\n<div><a href=\"https:\/\/www.youtube.com\/watch?v=Z_fqkWlAagY\" target=\"_blank\">https:\/\/www.youtube.com\/watch?<wbr \/>v=Z_fqkWlAagY<\/a><\/div>\n<\/div>\n<\/div>\n<\/div>\n<\/blockquote>\n<\/div>\n<\/blockquote>\n","protected":false},"excerpt":{"rendered":"<p>Ezek a m\u0171vek mennek a terv szerint a diplom\u00e1mra Vivaldi: All&#8217;ombra di sospetto &#8211; kant\u00e1ta https:\/\/www.youtube.com\/watch?v=Yl1eUJGmz4o Cimarosa: F-d\u00far szextett https:\/\/www.youtube.com\/watch?v=bpQMF7I4GBo [&hellip;]<\/p>\n","protected":false},"author":1,"featured_media":0,"parent":0,"menu_order":0,"comment_status":"closed","ping_status":"closed","template":"","meta":{"site-sidebar-layout":"default","site-content-layout":"","ast-site-content-layout":"default","site-content-style":"default","site-sidebar-style":"default","ast-global-header-display":"","ast-banner-title-visibility":"","ast-main-header-display":"","ast-hfb-above-header-display":"","ast-hfb-below-header-display":"","ast-hfb-mobile-header-display":"","site-post-title":"","ast-breadcrumbs-content":"","ast-featured-img":"","footer-sml-layout":"","ast-disable-related-posts":"","theme-transparent-header-meta":"","adv-header-id-meta":"","stick-header-meta":"","header-above-stick-meta":"","header-main-stick-meta":"","header-below-stick-meta":"","astra-migrate-meta-layouts":"default","ast-page-background-enabled":"default","ast-page-background-meta":{"desktop":{"background-color":"var(--ast-global-color-5)","background-image":"","background-repeat":"repeat","background-position":"center center","background-size":"auto","background-attachment":"scroll","background-type":"","background-media":"","overlay-type":"","overlay-color":"","overlay-opacity":"","overlay-gradient":""},"tablet":{"background-color":"","background-image":"","background-repeat":"repeat","background-position":"center center","background-size":"auto","background-attachment":"scroll","background-type":"","background-media":"","overlay-type":"","overlay-color":"","overlay-opacity":"","overlay-gradient":""},"mobile":{"background-color":"","background-image":"","background-repeat":"repeat","background-position":"center center","background-size":"auto","background-attachment":"scroll","background-type":"","background-media":"","overlay-type":"","overlay-color":"","overlay-opacity":"","overlay-gradient":""}},"ast-content-background-meta":{"desktop":{"background-color":"var(--ast-global-color-4)","background-image":"","background-repeat":"repeat","background-position":"center center","background-size":"auto","background-attachment":"scroll","background-type":"","background-media":"","overlay-type":"","overlay-color":"","overlay-opacity":"","overlay-gradient":""},"tablet":{"background-color":"var(--ast-global-color-4)","background-image":"","background-repeat":"repeat","background-position":"center center","background-size":"auto","background-attachment":"scroll","background-type":"","background-media":"","overlay-type":"","overlay-color":"","overlay-opacity":"","overlay-gradient":""},"mobile":{"background-color":"var(--ast-global-color-4)","background-image":"","background-repeat":"repeat","background-position":"center center","background-size":"auto","background-attachment":"scroll","background-type":"","background-media":"","overlay-type":"","overlay-color":"","overlay-opacity":"","overlay-gradient":""}},"footnotes":""},"class_list":["post-2568","page","type-page","status-publish","hentry"],"_links":{"self":[{"href":"https:\/\/turacsuka.hu\/index.php?rest_route=\/wp\/v2\/pages\/2568","targetHints":{"allow":["GET"]}}],"collection":[{"href":"https:\/\/turacsuka.hu\/index.php?rest_route=\/wp\/v2\/pages"}],"about":[{"href":"https:\/\/turacsuka.hu\/index.php?rest_route=\/wp\/v2\/types\/page"}],"author":[{"embeddable":true,"href":"https:\/\/turacsuka.hu\/index.php?rest_route=\/wp\/v2\/users\/1"}],"replies":[{"embeddable":true,"href":"https:\/\/turacsuka.hu\/index.php?rest_route=%2Fwp%2Fv2%2Fcomments&post=2568"}],"version-history":[{"count":1,"href":"https:\/\/turacsuka.hu\/index.php?rest_route=\/wp\/v2\/pages\/2568\/revisions"}],"predecessor-version":[{"id":2569,"href":"https:\/\/turacsuka.hu\/index.php?rest_route=\/wp\/v2\/pages\/2568\/revisions\/2569"}],"wp:attachment":[{"href":"https:\/\/turacsuka.hu\/index.php?rest_route=%2Fwp%2Fv2%2Fmedia&parent=2568"}],"curies":[{"name":"wp","href":"https:\/\/api.w.org\/{rel}","templated":true}]}}